{"id":10,"date":"2019-11-27T19:04:48","date_gmt":"2019-11-27T18:04:48","guid":{"rendered":"http:\/\/bousculerlesetoiles.com\/?page_id=10"},"modified":"2020-11-07T19:21:59","modified_gmt":"2020-11-07T18:21:59","slug":"contact","status":"publish","type":"page","link":"https:\/\/bousculerlesetoiles.com\/index.php\/contact\/","title":{"rendered":"Contact"},"content":{"rendered":"\n<div class=\"wp-block-image\"><figure class=\"aligncenter size-large is-resized\"><img loading=\"lazy\" decoding=\"async\" src=\"http:\/\/bousculerlesetoiles.com\/wp-content\/uploads\/2020\/01\/scouting-1146330_1920-683x1024.jpg\" alt=\"\" class=\"wp-image-215\" width=\"342\" height=\"512\" srcset=\"https:\/\/bousculerlesetoiles.com\/wp-content\/uploads\/2020\/01\/scouting-1146330_1920-683x1024.jpg 683w, https:\/\/bousculerlesetoiles.com\/wp-content\/uploads\/2020\/01\/scouting-1146330_1920-200x300.jpg 200w, https:\/\/bousculerlesetoiles.com\/wp-content\/uploads\/2020\/01\/scouting-1146330_1920-768x1152.jpg 768w, https:\/\/bousculerlesetoiles.com\/wp-content\/uploads\/2020\/01\/scouting-1146330_1920-1024x1536.jpg 1024w, https:\/\/bousculerlesetoiles.com\/wp-content\/uploads\/2020\/01\/scouting-1146330_1920.jpg 1280w\" sizes=\"auto, (max-width: 342px) 100vw, 342px\" \/><figcaption><em>(Image par <a href=\"https:\/\/pixabay.com\/fr\/users\/WenPhotos-1798295\/?utm_source=link-attribution&amp;utm_medium=referral&amp;utm_campaign=image&amp;utm_content=1146330\">Wendy Corniquet<\/a> de <a href=\"https:\/\/pixabay.com\/fr\/?utm_source=link-attribution&amp;utm_medium=referral&amp;utm_campaign=image&amp;utm_content=1146330\">Pixabay<\/a>)<\/em><\/figcaption><\/figure><\/div>\n\n\n\n<p> <s>Si vous souhaitez me contacter, \u00e9crivez-moi \u00e0 l\u2019adresse suivante: anneclaire@bousculerlesetoiles.com<\/s><\/p>\n\n\n\n<p>Je me suis rendu compte que ma bo\u00eete mail ne fonctionne plus pour je ne sais quelle obscure raison, alors le temps de r\u00e9soudre ce probl\u00e8me, merci de m&rsquo;\u00e9crire <a href=\"https:\/\/www.facebook.com\/BousculerlesEtoiles\/\">ici<\/a> (Facebook) ou <a href=\"https:\/\/www.instagram.com\/bousculerlesetoiles\/\">l\u00e0<\/a> (Instagram) si vous souhaitez me contacter \ud83d\ude0a <\/p>\n","protected":false},"excerpt":{"rendered":"<p>Si vous souhaitez me contacter, \u00e9crivez-moi \u00e0 l\u2019adresse suivante: anneclaire@bousculerlesetoiles.com Je me suis rendu compte que ma bo\u00eete mail ne fonctionne plus pour je ne sais quelle obscure raison, alors le temps de r\u00e9soudre ce probl\u00e8me, merci de m&rsquo;\u00e9crire ici (Facebook) ou l\u00e0 (Instagram) si vous souhaitez me contacter \ud83d\ude0a<\/p>\n","protected":false},"author":1,"featured_media":0,"parent":0,"menu_order":0,"comment_status":"closed","ping_status":"closed","template":"","meta":{"footnotes":""},"class_list":["post-10","page","type-page","status-publish","hentry"],"_links":{"self":[{"href":"https:\/\/bousculerlesetoiles.com\/index.php\/wp-json\/wp\/v2\/pages\/10","targetHints":{"allow":["GET"]}}],"collection":[{"href":"https:\/\/bousculerlesetoiles.com\/index.php\/wp-json\/wp\/v2\/pages"}],"about":[{"href":"https:\/\/bousculerlesetoiles.com\/index.php\/wp-json\/wp\/v2\/types\/page"}],"author":[{"embeddable":true,"href":"https:\/\/bousculerlesetoiles.com\/index.php\/wp-json\/wp\/v2\/users\/1"}],"replies":[{"embeddable":true,"href":"https:\/\/bousculerlesetoiles.com\/index.php\/wp-json\/wp\/v2\/comments?post=10"}],"version-history":[{"count":7,"href":"https:\/\/bousculerlesetoiles.com\/index.php\/wp-json\/wp\/v2\/pages\/10\/revisions"}],"predecessor-version":[{"id":1015,"href":"https:\/\/bousculerlesetoiles.com\/index.php\/wp-json\/wp\/v2\/pages\/10\/revisions\/1015"}],"wp:attachment":[{"href":"https:\/\/bousculerlesetoiles.com\/index.php\/wp-json\/wp\/v2\/media?parent=10"}],"curies":[{"name":"wp","href":"https:\/\/api.w.org\/{rel}","templated":true}]}}