{"id":8,"date":"2019-11-27T19:04:48","date_gmt":"2019-11-27T18:04:48","guid":{"rendered":"http:\/\/bousculerlesetoiles.com\/?page_id=8"},"modified":"2019-12-02T20:51:19","modified_gmt":"2019-12-02T19:51:19","slug":"a-propos","status":"publish","type":"page","link":"https:\/\/bousculerlesetoiles.com\/index.php\/a-propos\/","title":{"rendered":"A propos"},"content":{"rendered":"\n<div class=\"wp-block-image\"><figure class=\"alignleft size-large is-resized\"><img loading=\"lazy\" decoding=\"async\" src=\"http:\/\/bousculerlesetoiles.com\/wp-content\/uploads\/2019\/12\/20180912_182010modifder-796x1024.jpg\" alt=\"\" class=\"wp-image-36\" width=\"211\" height=\"269\"\/><\/figure><\/div>\n\n\n\n<p>J&rsquo;adore \u00e9crire et je suis une vraie pipelette.  <\/p>\n\n\n\n<p>Et, apparemment, \u00e9crire dans mon coin et papoter avec mes proches ne me suffit pas (ou plus) !  <\/p>\n\n\n\n<p> Depuis quelques mois l&rsquo;id\u00e9e de cr\u00e9er un blog me trottait dans la t\u00eate pour partager toutes ces choses qui s&rsquo;y trouvent (dans ma t\u00eate, vous suivez ?).   J&rsquo;avais besoin d&rsquo;un lieu o\u00f9 m&rsquo;exprimer et o\u00f9 partager toutes ces id\u00e9es, pens\u00e9es, inspirations, d\u00e9couvertes, (\u00e9motions ?), (illuminations ?), (prises de conscience ?), etc.  <\/p>\n\n\n\n<p>Je ne suis pas une passionn\u00e9e par un sujet ou un domaine pr\u00e9cis, non. J&rsquo;aime plein plein plein de choses tr\u00e8s vari\u00e9es, je suis curieuse et j&rsquo;adore la nouveaut\u00e9. <\/p>\n\n\n\n<p>Ce blog ne parlera pas de beaut\u00e9, de mode (quoique&#8230;) ou de recettes de cuisine (enfin, je crois !).<\/p>\n\n\n\n<p>Ce blog parlera certainement de voyages, de consommation \u00e9thique et responsable et de d\u00e9veloppement personnel, trois th\u00e8mes qui m&rsquo;int\u00e9ressent, r\u00e9sonnent en moi, me font vibrer, constituent totalement mon univers !  Ce blog pourrait parler de d\u00e9coration d&rsquo;int\u00e9rieur car depuis quelques mois c&rsquo;est un peu un sujet obsessionnel pour moi, je vous raconterai pourquoi promis.  Il pourrait \u00e9galement parler de style car je m&rsquo;y penche. Il parlera sans doute \u00e0 un moment ou \u00e0 un autre de sant\u00e9 car pour moi c&rsquo;est essentiel (je pr\u00e9cise \u00ab\u00a0pour moi\u00a0\u00bb car, vraiment, ce n&rsquo;est pas le cas pour tout le monde). Et, contre toute attente, il pourrait parler de sport !<\/p>\n\n\n\n<p>Je ne suis pas sp\u00e9cialiste dans ces domaines, je souhaite simplement partager avec vous mes exp\u00e9riences, d\u00e9couvertes et apprentissages. Je serais ravie que vous me fassiez \u00e9galement part des v\u00f4tres dans les commentaires. Si en passant sur mon blog vous passez un agr\u00e9able moment c&rsquo;est cool, si vous y trouvez de la motivation c&rsquo;est top, si vous y trouvez de l&rsquo;inspiration j&rsquo;en serais vraiment heureuse. Finalement, si venir ici vous aide en quoi que ce soit : mission accomplie ! <\/p>\n\n\n\n<p class=\"has-text-align-right\">Anne-Claire<\/p>\n\n\n\n<p><\/p>\n\n\n\n<p><\/p>\n","protected":false},"excerpt":{"rendered":"<p>J&rsquo;adore \u00e9crire et je suis une vraie pipelette. Et, apparemment, \u00e9crire dans mon coin et papoter avec mes proches ne me suffit pas (ou plus) ! Depuis quelques mois l&rsquo;id\u00e9e de cr\u00e9er un blog me trottait dans la t\u00eate pour partager toutes ces choses qui s&rsquo;y trouvent (dans ma t\u00eate, vous suivez ?). J&rsquo;avais besoin [&hellip;]<\/p>\n","protected":false},"author":1,"featured_media":0,"parent":0,"menu_order":0,"comment_status":"closed","ping_status":"closed","template":"","meta":{"footnotes":""},"class_list":["post-8","page","type-page","status-publish","hentry"],"_links":{"self":[{"href":"https:\/\/bousculerlesetoiles.com\/index.php\/wp-json\/wp\/v2\/pages\/8","targetHints":{"allow":["GET"]}}],"collection":[{"href":"https:\/\/bousculerlesetoiles.com\/index.php\/wp-json\/wp\/v2\/pages"}],"about":[{"href":"https:\/\/bousculerlesetoiles.com\/index.php\/wp-json\/wp\/v2\/types\/page"}],"author":[{"embeddable":true,"href":"https:\/\/bousculerlesetoiles.com\/index.php\/wp-json\/wp\/v2\/users\/1"}],"replies":[{"embeddable":true,"href":"https:\/\/bousculerlesetoiles.com\/index.php\/wp-json\/wp\/v2\/comments?post=8"}],"version-history":[{"count":18,"href":"https:\/\/bousculerlesetoiles.com\/index.php\/wp-json\/wp\/v2\/pages\/8\/revisions"}],"predecessor-version":[{"id":49,"href":"https:\/\/bousculerlesetoiles.com\/index.php\/wp-json\/wp\/v2\/pages\/8\/revisions\/49"}],"wp:attachment":[{"href":"https:\/\/bousculerlesetoiles.com\/index.php\/wp-json\/wp\/v2\/media?parent=8"}],"curies":[{"name":"wp","href":"https:\/\/api.w.org\/{rel}","templated":true}]}}